{"id":500,"date":"2024-10-28T14:01:18","date_gmt":"2024-10-28T13:01:18","guid":{"rendered":"https:\/\/orizar.com\/orizar\/"},"modified":"2025-02-13T16:56:23","modified_gmt":"2025-02-13T15:56:23","slug":"orizar","status":"publish","type":"page","link":"https:\/\/orizar.com\/es\/orizar\/","title":{"rendered":"Orizar"},"content":{"rendered":"\t\t<div data-elementor-type=\"wp-page\" data-elementor-id=\"500\" class=\"elementor elementor-500 elementor-99\" data-elementor-post-type=\"page\">\n\t\t\t\t<div class=\"elementor-element elementor-element-65b6e72 e-flex e-con-boxed e-con e-parent\" data-id=\"65b6e72\" data-element_type=\"container\">\n\t\t\t\t\t<div class=\"e-con-inner\">\n\t\t<div class=\"elementor-element elementor-element-1be58fe e-con-full e-flex e-con e-child\" data-id=\"1be58fe\" data-element_type=\"container\">\n\t\t\t\t<div class=\"elementor-element elementor-element-3c98326 elementor-widget elementor-widget-heading\" data-id=\"3c98326\" data-element_type=\"widget\" data-widget_type=\"heading.default\">\n\t\t\t\t<div class=\"elementor-widget-container\">\n\t\t\t<h1 class=\"elementor-heading-title elementor-size-default\">Ferreter\u00eda Orizar<\/h1>\t\t<\/div>\n\t\t\t\t<\/div>\n\t\t\t\t<div class=\"elementor-element elementor-element-5775b1d elementor-widget elementor-widget-text-editor\" data-id=\"5775b1d\" data-element_type=\"widget\" data-widget_type=\"text-editor.default\">\n\t\t\t\t<div class=\"elementor-widget-container\">\n\t\t\t\t\t\t\t<p class=\"\">Nuestra ferreter\u00eda est\u00e1 <strong>comprometida con la comunidad local<\/strong> y es un lugar de confianza para encontrar <strong>soluciones r\u00e1pidas y eficaces.<\/strong> De hecho, la <strong>Ferreter\u00eda Orizar la abrieron nuestra madre y nuestro padre<\/strong>, en el barrio Azken Portu de Zarautz <strong>en 1980<\/strong>. Con la intenci\u00f3n de ofrecer el mejor servicio posible, desde los comienzos tuvieron claros dos principios: <strong>buscar el equilibrio entre calidad y precio y escuchar a los y las clientes.<\/strong> Poco a poco, la oferta se fue completando y la tienda original se les qued\u00f3 peque\u00f1a. Para continuar con la actividad, <strong>en 1998 se trasladaron al actual emplazamiento, el espacio de la calle Hegoalde.<\/strong><\/p><p class=\"\">Ahora<strong>, la segunda generaci\u00f3n seguimos trabajando en la ferreter\u00eda,<\/strong> adapt\u00e1ndonos a los nuevos tiempos pero <strong>manteniendo el esp\u00edritu que ha tenido la tienda desde sus inicios,<\/strong> ofreciendo una <strong>atenci\u00f3n presencial personalizada y ayudando al cliente en la b\u00fasqueda de lo que necesita.<\/strong><\/p>\t\t\t\t\t\t<\/div>\n\t\t\t\t<\/div>\n\t\t\t\t<\/div>\n\t\t<div class=\"elementor-element elementor-element-32ad0e5 e-con-full e-flex e-con e-child\" data-id=\"32ad0e5\" data-element_type=\"container\">\n\t\t\t\t<div class=\"elementor-element elementor-element-28bd7ec uael-ins-normal elementor-widget elementor-widget-uael-image-gallery\" data-id=\"28bd7ec\" data-element_type=\"widget\" data-settings=\"{&quot;slides_to_show&quot;:1,&quot;slides_to_show_tablet&quot;:3,&quot;slides_to_show_mobile&quot;:2,&quot;slides_to_scroll&quot;:1,&quot;slides_to_scroll_tablet&quot;:1,&quot;slides_to_scroll_mobile&quot;:1,&quot;column_gap&quot;:{&quot;unit&quot;:&quot;px&quot;,&quot;size&quot;:20,&quot;sizes&quot;:[]},&quot;column_gap_laptop&quot;:{&quot;unit&quot;:&quot;px&quot;,&quot;size&quot;:&quot;&quot;,&quot;sizes&quot;:[]},&quot;column_gap_tablet&quot;:{&quot;unit&quot;:&quot;px&quot;,&quot;size&quot;:&quot;&quot;,&quot;sizes&quot;:[]},&quot;column_gap_mobile&quot;:{&quot;unit&quot;:&quot;px&quot;,&quot;size&quot;:&quot;&quot;,&quot;sizes&quot;:[]}}\" data-widget_type=\"uael-image-gallery.default\">\n\t\t\t\t<div class=\"elementor-widget-container\">\n\t\t\t<div class=\"uael-gallery-parent uael-caption- uael-gallery-unjustified\"><div data-image_carousel=\"{&quot;slidesToShow&quot;:1,&quot;slidesToScroll&quot;:1,&quot;autoplaySpeed&quot;:5000,&quot;autoplay&quot;:true,&quot;infinite&quot;:true,&quot;pauseOnHover&quot;:true,&quot;speed&quot;:500,&quot;arrows&quot;:false,&quot;dots&quot;:false,&quot;rtl&quot;:false,&quot;responsive&quot;:[{&quot;breakpoint&quot;:1024,&quot;settings&quot;:{&quot;slidesToShow&quot;:3,&quot;slidesToScroll&quot;:1}},{&quot;breakpoint&quot;:767,&quot;settings&quot;:{&quot;slidesToShow&quot;:2,&quot;slidesToScroll&quot;:1}}]}\" class=\"uael-img-gallery-wrap uael-img-carousel-wrap uael-nav-none\" data-filter-default=\"Todo\"><div class=\"uael-grid-item  uael-img-gallery-item-1\"><div class=\"uael-grid-item-content\"><figure class=\"uael-grid-img uael-grid-gallery-img uael-ins-hover elementor-clickable\"><div class=\"uael-grid-img-thumbnail uael-ins-target\"><img fetchpriority=\"high\" decoding=\"async\" width=\"600\" height=\"600\" src=\"https:\/\/orizar.com\/wp-content\/uploads\/2025\/02\/Orizar-Xabi-argazkia-600x600.jpg\" class=\"attachment-thumbnail size-thumbnail wp-image-924\" alt=\"\" srcset=\"https:\/\/orizar.com\/wp-content\/uploads\/2025\/02\/Orizar-Xabi-argazkia-600x600.jpg 600w, https:\/\/orizar.com\/wp-content\/uploads\/2025\/02\/Orizar-Xabi-argazkia-300x300.jpg 300w, https:\/\/orizar.com\/wp-content\/uploads\/2025\/02\/Orizar-Xabi-argazkia-100x100.jpg 100w\" sizes=\"(max-width: 600px) 100vw, 600px\" \/><\/div><div class=\"uael-grid-img-overlay\"><\/div><\/figure><\/div><\/div><div class=\"uael-grid-item  uael-img-gallery-item-2\"><div class=\"uael-grid-item-content\"><figure class=\"uael-grid-img uael-grid-gallery-img uael-ins-hover elementor-clickable\"><div class=\"uael-grid-img-thumbnail uael-ins-target\"><img decoding=\"async\" width=\"600\" height=\"600\" src=\"https:\/\/orizar.com\/wp-content\/uploads\/2024\/10\/DSC_0206-600x600.jpg\" class=\"attachment-thumbnail size-thumbnail wp-image-331\" alt=\"\" srcset=\"https:\/\/orizar.com\/wp-content\/uploads\/2024\/10\/DSC_0206-600x600.jpg 600w, https:\/\/orizar.com\/wp-content\/uploads\/2024\/10\/DSC_0206-300x300.jpg 300w, https:\/\/orizar.com\/wp-content\/uploads\/2024\/10\/DSC_0206-100x100.jpg 100w\" sizes=\"(max-width: 600px) 100vw, 600px\" \/><\/div><div class=\"uael-grid-img-overlay\"><\/div><\/figure><\/div><\/div><div class=\"uael-grid-item  uael-img-gallery-item-3\"><div class=\"uael-grid-item-content\"><figure class=\"uael-grid-img uael-grid-gallery-img uael-ins-hover elementor-clickable\"><div class=\"uael-grid-img-thumbnail uael-ins-target\"><img decoding=\"async\" width=\"600\" height=\"600\" src=\"https:\/\/orizar.com\/wp-content\/uploads\/2025\/02\/irekitzen20170728_113741-1-600x600.jpg\" class=\"attachment-thumbnail size-thumbnail wp-image-932\" alt=\"\" srcset=\"https:\/\/orizar.com\/wp-content\/uploads\/2025\/02\/irekitzen20170728_113741-1-600x600.jpg 600w, https:\/\/orizar.com\/wp-content\/uploads\/2025\/02\/irekitzen20170728_113741-1-300x300.jpg 300w, https:\/\/orizar.com\/wp-content\/uploads\/2025\/02\/irekitzen20170728_113741-1-100x100.jpg 100w\" sizes=\"(max-width: 600px) 100vw, 600px\" \/><\/div><div class=\"uael-grid-img-overlay\"><\/div><\/figure><\/div><\/div><div class=\"uael-grid-item  uael-img-gallery-item-4\"><div class=\"uael-grid-item-content\"><figure class=\"uael-grid-img uael-grid-gallery-img uael-ins-hover elementor-clickable\"><div class=\"uael-grid-img-thumbnail uael-ins-target\"><img loading=\"lazy\" decoding=\"async\" width=\"600\" height=\"600\" src=\"https:\/\/orizar.com\/wp-content\/uploads\/2024\/11\/DSC_0083-600x600.jpg\" class=\"attachment-thumbnail size-thumbnail wp-image-578\" alt=\"\" srcset=\"https:\/\/orizar.com\/wp-content\/uploads\/2024\/11\/DSC_0083-600x600.jpg 600w, https:\/\/orizar.com\/wp-content\/uploads\/2024\/11\/DSC_0083-300x300.jpg 300w, https:\/\/orizar.com\/wp-content\/uploads\/2024\/11\/DSC_0083-100x100.jpg 100w\" sizes=\"(max-width: 600px) 100vw, 600px\" \/><\/div><div class=\"uael-grid-img-overlay\"><\/div><\/figure><\/div><\/div><\/div><\/div>\t\t<\/div>\n\t\t\t\t<\/div>\n\t\t\t\t<\/div>\n\t\t\t\t\t<\/div>\n\t\t\t\t<\/div>\n\t\t<div class=\"elementor-element elementor-element-2322ea3 e-flex e-con-boxed e-con e-parent\" data-id=\"2322ea3\" data-element_type=\"container\">\n\t\t\t\t\t<div class=\"e-con-inner\">\n\t\t<div class=\"elementor-element elementor-element-ad661cd e-grid e-con-full e-con e-child\" data-id=\"ad661cd\" data-element_type=\"container\">\n\t\t\t\t<div class=\"elementor-element elementor-element-c8f288a elementor-view-default elementor-position-top elementor-mobile-position-top elementor-widget elementor-widget-icon-box\" data-id=\"c8f288a\" data-element_type=\"widget\" data-widget_type=\"icon-box.default\">\n\t\t\t\t<div class=\"elementor-widget-container\">\n\t\t\t\t\t<div class=\"elementor-icon-box-wrapper\">\n\n\t\t\t\t\t\t<div class=\"elementor-icon-box-icon\">\n\t\t\t\t<a href=\"https:\/\/orizar.com\/es\/categoria-producto\/ferreteria\/\" class=\"elementor-icon elementor-animation-\" tabindex=\"-1\">\n\t\t\t\t<svg xmlns=\"http:\/\/www.w3.org\/2000\/svg\" xmlns:xlink=\"http:\/\/www.w3.org\/1999\/xlink\" id=\"Capa_1\" x=\"0px\" y=\"0px\" viewBox=\"0 0 94.8 93.8\" style=\"enable-background:new 0 0 94.8 93.8;\" xml:space=\"preserve\"><style type=\"text\/css\">\t.st0{fill:#FFFFFF;}<\/style><path class=\"st0\" d=\"M30.8,78.1c-5.2-5.4-9.7-10-14.4-14.8C11.3,68.5,6.2,73.6,0.8,79.1c-1.3-4.9-1-9.3,0.8-13.5 c4.3-9.9,14.9-14.7,25.1-11.3c1.8,0.6,2.8,0.3,4.1-0.9c7.7-7.5,15.4-14.9,23.2-22.3c1.4-1.4,1.8-2.4,1.2-4.5 C50.6,11.7,62.1-1.8,77.5,0.2c0.7,0.1,1.3,0.3,2.3,0.5C74.3,5.9,69.1,11,63.9,15.9c5.1,5.2,9.7,9.8,14.4,14.6c5-5.1,10-10.3,15.6-16 c1.6,5.1,0.9,9.3-0.6,13.4c-4.1,10.4-14.6,15.3-25.2,11.7c-1.8-0.6-2.8-0.3-4,1c-8.3,8.1-16.7,16.1-25,24.1 c2.8,8.6,2.3,16.5-4.2,23.2c-5.4,5.5-12,6.8-20,5.4C20.5,87.9,25.7,82.9,30.8,78.1\"><\/path><\/svg>\t\t\t\t<\/a>\n\t\t\t<\/div>\n\t\t\t\n\t\t\t\t\t\t<div class=\"elementor-icon-box-content\">\n\n\t\t\t\t\t\t\t\t\t<h3 class=\"elementor-icon-box-title\">\n\t\t\t\t\t\t<a href=\"https:\/\/orizar.com\/es\/categoria-producto\/ferreteria\/\" >\n\t\t\t\t\t\t\tFerreter\u00eda_\t\t\t\t\t\t<\/a>\n\t\t\t\t\t<\/h3>\n\t\t\t\t\n\t\t\t\t\n\t\t\t<\/div>\n\t\t\t\n\t\t<\/div>\n\t\t\t\t<\/div>\n\t\t\t\t<\/div>\n\t\t\t\t<div class=\"elementor-element elementor-element-4f5e14c elementor-view-default elementor-position-top elementor-mobile-position-top elementor-widget elementor-widget-icon-box\" data-id=\"4f5e14c\" data-element_type=\"widget\" data-widget_type=\"icon-box.default\">\n\t\t\t\t<div class=\"elementor-widget-container\">\n\t\t\t\t\t<div class=\"elementor-icon-box-wrapper\">\n\n\t\t\t\t\t\t<div class=\"elementor-icon-box-icon\">\n\t\t\t\t<a href=\"https:\/\/orizar.com\/es\/categoria-producto\/cocina\/\" class=\"elementor-icon elementor-animation-\" tabindex=\"-1\">\n\t\t\t\t<svg xmlns=\"http:\/\/www.w3.org\/2000\/svg\" xmlns:xlink=\"http:\/\/www.w3.org\/1999\/xlink\" id=\"Capa_1\" x=\"0px\" y=\"0px\" viewBox=\"0 0 94.8 93.8\" style=\"enable-background:new 0 0 94.8 93.8;\" xml:space=\"preserve\"><style type=\"text\/css\">\t.st0{fill:#FFFFFF;}<\/style><path class=\"st0\" d=\"M10.9,11.4C10.4,10,9,8.9,8,7.7C10.9,26.8,36.7,62,46.5,61c-0.4-0.8-0.5-1.3-0.8-1.5 C29.8,46.6,17.8,30.9,10.9,11.4 M67.5,58.4c-3.7-3.5-8.1-6.3-11.9-9.8c-11.3-10.4-22.4-21-33.6-31.5c-1.1-1-2.5-1.8-3.9-2.6 c-1.3-0.8-2.6-1.5-4.8-2.8c7.5,19.7,20.2,34,34.4,46.7c2-0.9,3.6-1.6,5.3-2.3c0.2,1.9-0.1,3.6,0.6,4.4C61.9,68.7,70,77,78.5,84.9 c1.5,1.4,5.1,1.4,7.3,0.8c0.9-0.3,1.1-4.1,1-6.2c-0.1-1.4-1.2-3.1-2.2-4.2C79,69.6,73.4,63.8,67.5,58.4\"><\/path><\/svg>\t\t\t\t<\/a>\n\t\t\t<\/div>\n\t\t\t\n\t\t\t\t\t\t<div class=\"elementor-icon-box-content\">\n\n\t\t\t\t\t\t\t\t\t<h3 class=\"elementor-icon-box-title\">\n\t\t\t\t\t\t<a href=\"https:\/\/orizar.com\/es\/categoria-producto\/cocina\/\" >\n\t\t\t\t\t\t\tCocina_\t\t\t\t\t\t<\/a>\n\t\t\t\t\t<\/h3>\n\t\t\t\t\n\t\t\t\t\n\t\t\t<\/div>\n\t\t\t\n\t\t<\/div>\n\t\t\t\t<\/div>\n\t\t\t\t<\/div>\n\t\t\t\t<div class=\"elementor-element elementor-element-ce59dcf elementor-view-default elementor-position-top elementor-mobile-position-top elementor-widget elementor-widget-icon-box\" data-id=\"ce59dcf\" data-element_type=\"widget\" data-widget_type=\"icon-box.default\">\n\t\t\t\t<div class=\"elementor-widget-container\">\n\t\t\t\t\t<div class=\"elementor-icon-box-wrapper\">\n\n\t\t\t\t\t\t<div class=\"elementor-icon-box-icon\">\n\t\t\t\t<a href=\"https:\/\/orizar.com\/es\/categoria-producto\/otros\/\" class=\"elementor-icon elementor-animation-\" tabindex=\"-1\">\n\t\t\t\t<svg xmlns=\"http:\/\/www.w3.org\/2000\/svg\" xmlns:xlink=\"http:\/\/www.w3.org\/1999\/xlink\" id=\"Capa_1\" x=\"0px\" y=\"0px\" viewBox=\"0 0 94.8 93.8\" style=\"enable-background:new 0 0 94.8 93.8;\" xml:space=\"preserve\"><style type=\"text\/css\">\t.st0{fill:#FFFFFF;}<\/style><g>\t<path class=\"st0\" d=\"M77.7,61.1l-3.2-3.9l-3.9,3.2l3.2,3.9L70,67.4l3.2,3.9l3.9-3.2l3.2,3.9l3.9-3.2l-3.2-3.9l3.9-3.2l-3.2-3.9  L77.7,61.1z M91.1,45.9c2.1,0,3.7-1.7,3.7-3.7c0-2.1-1.7-3.7-3.7-3.7c-2.1,0-3.7,1.7-3.7,3.7C87.3,44.2,89,45.9,91.1,45.9   M78.6,45.9c2.1,0,3.7-1.7,3.7-3.7c0-2.1-1.7-3.7-3.7-3.7c-2.1,0-3.7,1.7-3.7,3.7C74.9,44.2,76.5,45.9,78.6,45.9 M53.6,33.4  c2.1,0,3.7-1.7,3.7-3.7c0-2.1-1.7-3.7-3.7-3.7c-2.1,0-3.7,1.7-3.7,3.7C49.9,31.7,51.6,33.4,53.6,33.4 M91.1,33.4  c2.1,0,3.7-1.7,3.7-3.7c0-2.1-1.7-3.7-3.7-3.7c-2.1,0-3.7,1.7-3.7,3.7C87.3,31.7,89,33.4,91.1,33.4 M78.6,33.4  c2.1,0,3.7-1.7,3.7-3.7c0-2.1-1.7-3.7-3.7-3.7c-2.1,0-3.7,1.7-3.7,3.7C74.9,31.7,76.5,33.4,78.6,33.4 M66.1,33.4  c2.1,0,3.7-1.7,3.7-3.7c0-2.1-1.7-3.7-3.7-3.7c-2.1,0-3.7,1.7-3.7,3.7C62.4,31.7,64.1,33.4,66.1,33.4 M0,52.1h49.9v5H0V52.1z   M25,42.1h25v5H25V42.1z\"><\/path><\/g><\/svg>\t\t\t\t<\/a>\n\t\t\t<\/div>\n\t\t\t\n\t\t\t\t\t\t<div class=\"elementor-icon-box-content\">\n\n\t\t\t\t\t\t\t\t\t<h3 class=\"elementor-icon-box-title\">\n\t\t\t\t\t\t<a href=\"https:\/\/orizar.com\/es\/categoria-producto\/otros\/\" >\n\t\t\t\t\t\t\tOtros_\t\t\t\t\t\t<\/a>\n\t\t\t\t\t<\/h3>\n\t\t\t\t\n\t\t\t\t\n\t\t\t<\/div>\n\t\t\t\n\t\t<\/div>\n\t\t\t\t<\/div>\n\t\t\t\t<\/div>\n\t\t\t\t<\/div>\n\t\t\t\t\t<\/div>\n\t\t\t\t<\/div>\n\t\t\t\t<\/div>\n\t\t","protected":false},"excerpt":{"rendered":"<p>Ferreter\u00eda Orizar Nuestra ferreter\u00eda est\u00e1 comprometida con la comunidad local y es un lugar de confianza para encontrar soluciones r\u00e1pidas [&hellip;]<\/p>\n","protected":false},"author":1,"featured_media":0,"parent":0,"menu_order":0,"comment_status":"closed","ping_status":"closed","template":"","meta":{"site-sidebar-layout":"no-sidebar","site-content-layout":"","ast-site-content-layout":"full-width-container","site-content-style":"default","site-sidebar-style":"default","ast-global-header-display":"","ast-banner-title-visibility":"","ast-main-header-display":"","ast-hfb-above-header-display":"","ast-hfb-below-header-display":"","ast-hfb-mobile-header-display":"","site-post-title":"disabled","ast-breadcrumbs-content":"","ast-featured-img":"disabled","footer-sml-layout":"","theme-transparent-header-meta":"","adv-header-id-meta":"","stick-header-meta":"","header-above-stick-meta":"","header-main-stick-meta":"","header-below-stick-meta":"","astra-migrate-meta-layouts":"default","ast-page-background-enabled":"default","ast-page-background-meta":{"desktop":{"background-color":"var(--ast-global-color-4)","background-image":"","background-repeat":"repeat","background-position":"center center","background-size":"auto","background-attachment":"scroll","background-type":"","background-media":"","overlay-type":"","overlay-color":"","overlay-opacity":"","overlay-gradient":""},"tablet":{"background-color":"","background-image":"","background-repeat":"repeat","background-position":"center center","background-size":"auto","background-attachment":"scroll","background-type":"","background-media":"","overlay-type":"","overlay-color":"","overlay-opacity":"","overlay-gradient":""},"mobile":{"background-color":"","background-image":"","background-repeat":"repeat","background-position":"center center","background-size":"auto","background-attachment":"scroll","background-type":"","background-media":"","overlay-type":"","overlay-color":"","overlay-opacity":"","overlay-gradient":""}},"ast-content-background-meta":{"desktop":{"background-color":"var(--ast-global-color-5)","background-image":"","background-repeat":"repeat","background-position":"center center","background-size":"auto","background-attachment":"scroll","background-type":"","background-media":"","overlay-type":"","overlay-color":"","overlay-opacity":"","overlay-gradient":""},"tablet":{"background-color":"var(--ast-global-color-5)","background-image":"","background-repeat":"repeat","background-position":"center center","background-size":"auto","background-attachment":"scroll","background-type":"","background-media":"","overlay-type":"","overlay-color":"","overlay-opacity":"","overlay-gradient":""},"mobile":{"background-color":"var(--ast-global-color-5)","background-image":"","background-repeat":"repeat","background-position":"center center","background-size":"auto","background-attachment":"scroll","background-type":"","background-media":"","overlay-type":"","overlay-color":"","overlay-opacity":"","overlay-gradient":""}},"footnotes":""},"class_list":["post-500","page","type-page","status-publish","hentry"],"yoast_head":"<!-- This site is optimized with the Yoast SEO plugin v23.8 - https:\/\/yoast.com\/wordpress\/plugins\/seo\/ -->\n<title>Nosotr@s - Ferreter\u00eda Orizar Zarautz<\/title>\n<meta name=\"description\" content=\"Nuestra ferreter\u00eda est\u00e1 comprometida con la comunidad local y es un lugar de confianza para encontrar soluciones r\u00e1pidas y eficaces.\" \/>\n<meta name=\"robots\" content=\"index, follow, max-snippet:-1, max-image-preview:large, max-video-preview:-1\" \/>\n<link rel=\"canonical\" href=\"https:\/\/orizar.com\/es\/orizar\/\" \/>\n<meta property=\"og:locale\" content=\"es_ES\" \/>\n<meta property=\"og:type\" content=\"article\" \/>\n<meta property=\"og:title\" content=\"Nosotr@s - Ferreter\u00eda Orizar Zarautz\" \/>\n<meta property=\"og:description\" content=\"Nuestra ferreter\u00eda est\u00e1 comprometida con la comunidad local y es un lugar de confianza para encontrar soluciones r\u00e1pidas y eficaces.\" \/>\n<meta property=\"og:url\" content=\"https:\/\/orizar.com\/es\/orizar\/\" \/>\n<meta property=\"og:site_name\" content=\"Ferreter\u00eda Orizar Zarautz\" \/>\n<meta property=\"article:modified_time\" content=\"2025-02-13T15:56:23+00:00\" \/>\n<meta property=\"og:image\" content=\"https:\/\/orizar.com\/wp-content\/uploads\/2025\/02\/Orizar-Xabi-argazkia-600x600.jpg\" \/>\n<meta name=\"twitter:card\" content=\"summary_large_image\" \/>\n<meta name=\"twitter:label1\" content=\"Tiempo de lectura\" \/>\n\t<meta name=\"twitter:data1\" content=\"3 minutos\" \/>\n<script type=\"application\/ld+json\" class=\"yoast-schema-graph\">{\"@context\":\"https:\/\/schema.org\",\"@graph\":[{\"@type\":\"WebPage\",\"@id\":\"https:\/\/orizar.com\/es\/orizar\/\",\"url\":\"https:\/\/orizar.com\/es\/orizar\/\",\"name\":\"Nosotr@s - Ferreter\u00eda Orizar Zarautz\",\"isPartOf\":{\"@id\":\"https:\/\/orizar.com\/es\/#website\"},\"primaryImageOfPage\":{\"@id\":\"https:\/\/orizar.com\/es\/orizar\/#primaryimage\"},\"image\":{\"@id\":\"https:\/\/orizar.com\/es\/orizar\/#primaryimage\"},\"thumbnailUrl\":\"https:\/\/orizar.com\/wp-content\/uploads\/2025\/02\/Orizar-Xabi-argazkia-600x600.jpg\",\"datePublished\":\"2024-10-28T13:01:18+00:00\",\"dateModified\":\"2025-02-13T15:56:23+00:00\",\"description\":\"Nuestra ferreter\u00eda est\u00e1 comprometida con la comunidad local y es un lugar de confianza para encontrar soluciones r\u00e1pidas y eficaces.\",\"breadcrumb\":{\"@id\":\"https:\/\/orizar.com\/es\/orizar\/#breadcrumb\"},\"inLanguage\":\"es\",\"potentialAction\":[{\"@type\":\"ReadAction\",\"target\":[\"https:\/\/orizar.com\/es\/orizar\/\"]}]},{\"@type\":\"ImageObject\",\"inLanguage\":\"es\",\"@id\":\"https:\/\/orizar.com\/es\/orizar\/#primaryimage\",\"url\":\"https:\/\/orizar.com\/wp-content\/uploads\/2025\/02\/Orizar-Xabi-argazkia-600x600.jpg\",\"contentUrl\":\"https:\/\/orizar.com\/wp-content\/uploads\/2025\/02\/Orizar-Xabi-argazkia-600x600.jpg\"},{\"@type\":\"BreadcrumbList\",\"@id\":\"https:\/\/orizar.com\/es\/orizar\/#breadcrumb\",\"itemListElement\":[{\"@type\":\"ListItem\",\"position\":1,\"name\":\"Home\",\"item\":\"https:\/\/orizar.com\/es\/\"},{\"@type\":\"ListItem\",\"position\":2,\"name\":\"Orizar\"}]},{\"@type\":\"WebSite\",\"@id\":\"https:\/\/orizar.com\/es\/#website\",\"url\":\"https:\/\/orizar.com\/es\/\",\"name\":\"Ferreter\u00eda Orizar Zarautz\",\"description\":\"\",\"publisher\":{\"@id\":\"https:\/\/orizar.com\/es\/#organization\"},\"potentialAction\":[{\"@type\":\"SearchAction\",\"target\":{\"@type\":\"EntryPoint\",\"urlTemplate\":\"https:\/\/orizar.com\/es\/?s={search_term_string}\"},\"query-input\":{\"@type\":\"PropertyValueSpecification\",\"valueRequired\":true,\"valueName\":\"search_term_string\"}}],\"inLanguage\":\"es\"},{\"@type\":\"Organization\",\"@id\":\"https:\/\/orizar.com\/es\/#organization\",\"name\":\"Ferreter\u00eda Orizar Zarautz\",\"url\":\"https:\/\/orizar.com\/es\/\",\"logo\":{\"@type\":\"ImageObject\",\"inLanguage\":\"es\",\"@id\":\"https:\/\/orizar.com\/es\/#\/schema\/logo\/image\/\",\"url\":\"https:\/\/orizar.com\/wp-content\/uploads\/2024\/10\/Orizar-logotipoa-osoa.png\",\"contentUrl\":\"https:\/\/orizar.com\/wp-content\/uploads\/2024\/10\/Orizar-logotipoa-osoa.png\",\"width\":623,\"height\":484,\"caption\":\"Ferreter\u00eda Orizar Zarautz\"},\"image\":{\"@id\":\"https:\/\/orizar.com\/es\/#\/schema\/logo\/image\/\"}}]}<\/script>\n<!-- \/ Yoast SEO plugin. -->","yoast_head_json":{"title":"Nosotr@s - Ferreter\u00eda Orizar Zarautz","description":"Nuestra ferreter\u00eda est\u00e1 comprometida con la comunidad local y es un lugar de confianza para encontrar soluciones r\u00e1pidas y eficaces.","robots":{"index":"index","follow":"follow","max-snippet":"max-snippet:-1","max-image-preview":"max-image-preview:large","max-video-preview":"max-video-preview:-1"},"canonical":"https:\/\/orizar.com\/es\/orizar\/","og_locale":"es_ES","og_type":"article","og_title":"Nosotr@s - Ferreter\u00eda Orizar Zarautz","og_description":"Nuestra ferreter\u00eda est\u00e1 comprometida con la comunidad local y es un lugar de confianza para encontrar soluciones r\u00e1pidas y eficaces.","og_url":"https:\/\/orizar.com\/es\/orizar\/","og_site_name":"Ferreter\u00eda Orizar Zarautz","article_modified_time":"2025-02-13T15:56:23+00:00","og_image":[{"url":"https:\/\/orizar.com\/wp-content\/uploads\/2025\/02\/Orizar-Xabi-argazkia-600x600.jpg"}],"twitter_card":"summary_large_image","twitter_misc":{"Tiempo de lectura":"3 minutos"},"schema":{"@context":"https:\/\/schema.org","@graph":[{"@type":"WebPage","@id":"https:\/\/orizar.com\/es\/orizar\/","url":"https:\/\/orizar.com\/es\/orizar\/","name":"Nosotr@s - Ferreter\u00eda Orizar Zarautz","isPartOf":{"@id":"https:\/\/orizar.com\/es\/#website"},"primaryImageOfPage":{"@id":"https:\/\/orizar.com\/es\/orizar\/#primaryimage"},"image":{"@id":"https:\/\/orizar.com\/es\/orizar\/#primaryimage"},"thumbnailUrl":"https:\/\/orizar.com\/wp-content\/uploads\/2025\/02\/Orizar-Xabi-argazkia-600x600.jpg","datePublished":"2024-10-28T13:01:18+00:00","dateModified":"2025-02-13T15:56:23+00:00","description":"Nuestra ferreter\u00eda est\u00e1 comprometida con la comunidad local y es un lugar de confianza para encontrar soluciones r\u00e1pidas y eficaces.","breadcrumb":{"@id":"https:\/\/orizar.com\/es\/orizar\/#breadcrumb"},"inLanguage":"es","potentialAction":[{"@type":"ReadAction","target":["https:\/\/orizar.com\/es\/orizar\/"]}]},{"@type":"ImageObject","inLanguage":"es","@id":"https:\/\/orizar.com\/es\/orizar\/#primaryimage","url":"https:\/\/orizar.com\/wp-content\/uploads\/2025\/02\/Orizar-Xabi-argazkia-600x600.jpg","contentUrl":"https:\/\/orizar.com\/wp-content\/uploads\/2025\/02\/Orizar-Xabi-argazkia-600x600.jpg"},{"@type":"BreadcrumbList","@id":"https:\/\/orizar.com\/es\/orizar\/#breadcrumb","itemListElement":[{"@type":"ListItem","position":1,"name":"Home","item":"https:\/\/orizar.com\/es\/"},{"@type":"ListItem","position":2,"name":"Orizar"}]},{"@type":"WebSite","@id":"https:\/\/orizar.com\/es\/#website","url":"https:\/\/orizar.com\/es\/","name":"Ferreter\u00eda Orizar Zarautz","description":"","publisher":{"@id":"https:\/\/orizar.com\/es\/#organization"},"potentialAction":[{"@type":"SearchAction","target":{"@type":"EntryPoint","urlTemplate":"https:\/\/orizar.com\/es\/?s={search_term_string}"},"query-input":{"@type":"PropertyValueSpecification","valueRequired":true,"valueName":"search_term_string"}}],"inLanguage":"es"},{"@type":"Organization","@id":"https:\/\/orizar.com\/es\/#organization","name":"Ferreter\u00eda Orizar Zarautz","url":"https:\/\/orizar.com\/es\/","logo":{"@type":"ImageObject","inLanguage":"es","@id":"https:\/\/orizar.com\/es\/#\/schema\/logo\/image\/","url":"https:\/\/orizar.com\/wp-content\/uploads\/2024\/10\/Orizar-logotipoa-osoa.png","contentUrl":"https:\/\/orizar.com\/wp-content\/uploads\/2024\/10\/Orizar-logotipoa-osoa.png","width":623,"height":484,"caption":"Ferreter\u00eda Orizar Zarautz"},"image":{"@id":"https:\/\/orizar.com\/es\/#\/schema\/logo\/image\/"}}]}},"_links":{"self":[{"href":"https:\/\/orizar.com\/es\/wp-json\/wp\/v2\/pages\/500"}],"collection":[{"href":"https:\/\/orizar.com\/es\/wp-json\/wp\/v2\/pages"}],"about":[{"href":"https:\/\/orizar.com\/es\/wp-json\/wp\/v2\/types\/page"}],"author":[{"embeddable":true,"href":"https:\/\/orizar.com\/es\/wp-json\/wp\/v2\/users\/1"}],"replies":[{"embeddable":true,"href":"https:\/\/orizar.com\/es\/wp-json\/wp\/v2\/comments?post=500"}],"version-history":[{"count":46,"href":"https:\/\/orizar.com\/es\/wp-json\/wp\/v2\/pages\/500\/revisions"}],"predecessor-version":[{"id":957,"href":"https:\/\/orizar.com\/es\/wp-json\/wp\/v2\/pages\/500\/revisions\/957"}],"wp:attachment":[{"href":"https:\/\/orizar.com\/es\/wp-json\/wp\/v2\/media?parent=500"}],"curies":[{"name":"wp","href":"https:\/\/api.w.org\/{rel}","templated":true}]}}