{"id":364,"date":"2024-10-30T10:54:27","date_gmt":"2024-10-30T09:54:27","guid":{"rendered":"https:\/\/orizar.com\/produktua\/tornillos-5x80mm\/"},"modified":"2026-01-27T12:06:34","modified_gmt":"2026-01-27T11:06:34","slug":"tornillos-5x80mm-spax","status":"publish","type":"product","link":"https:\/\/orizar.com\/es\/producto\/tornillos-5x80mm-spax\/","title":{"rendered":"Tirafondos 5x80mm."},"content":{"rendered":"<p>Caja con 10 tirafondos de 5mm. de grosor por 80mm. de largo. La cabeza de los tirafondos es c\u00f3nica, de forma que queda embutida y sin que sobresalga en la madera y necesita una punta o llave torx del n\u00ba20 para atar o soltar. Su recubrimiento llamado \u201cWirox\u201d de color gris claro aumenta su dureza y protecci\u00f3n.<\/p>\n<p><em>Tenemos tirafondos Spax de muchas medidas en cajas de pocas unidades y en cajas profesionales.<\/em><\/p>\n","protected":false},"excerpt":{"rendered":"<p>El accionamiento mediante el sistema torx es muy preciso y ajustado y optimiza al m\u00e1ximo la transmisi\u00f3n de la fuerza al atornillar o soltar la fijaci\u00f3n.<\/p>\n","protected":false},"featured_media":342,"template":"","meta":{"site-sidebar-layout":"default","site-content-layout":"","ast-site-content-layout":"default","site-content-style":"default","site-sidebar-style":"default","ast-global-header-display":"","ast-banner-title-visibility":"","ast-main-header-display":"","ast-hfb-above-header-display":"","ast-hfb-below-header-display":"","ast-hfb-mobile-header-display":"","site-post-title":"","ast-breadcrumbs-content":"","ast-featured-img":"","footer-sml-layout":"","theme-transparent-header-meta":"default","adv-header-id-meta":"","stick-header-meta":"default","header-above-stick-meta":"","header-main-stick-meta":"","header-below-stick-meta":"","astra-migrate-meta-layouts":"set","ast-page-background-enabled":"default","ast-page-background-meta":{"desktop":{"background-color":"var(--ast-global-color-4)","background-image":"","background-repeat":"repeat","background-position":"center center","background-size":"auto","background-attachment":"scroll","background-type":"","background-media":"","overlay-type":"","overlay-color":"","overlay-opacity":"","overlay-gradient":""},"tablet":{"background-color":"","background-image":"","background-repeat":"repeat","background-position":"center center","background-size":"auto","background-attachment":"scroll","background-type":"","background-media":"","overlay-type":"","overlay-color":"","overlay-opacity":"","overlay-gradient":""},"mobile":{"background-color":"","background-image":"","background-repeat":"repeat","background-position":"center center","background-size":"auto","background-attachment":"scroll","background-type":"","background-media":"","overlay-type":"","overlay-color":"","overlay-opacity":"","overlay-gradient":""}},"ast-content-background-meta":{"desktop":{"background-color":"var(--ast-global-color-5)","background-image":"","background-repeat":"repeat","background-position":"center center","background-size":"auto","background-attachment":"scroll","background-type":"","background-media":"","overlay-type":"","overlay-color":"","overlay-opacity":"","overlay-gradient":""},"tablet":{"background-color":"var(--ast-global-color-5)","background-image":"","background-repeat":"repeat","background-position":"center center","background-size":"auto","background-attachment":"scroll","background-type":"","background-media":"","overlay-type":"","overlay-color":"","overlay-opacity":"","overlay-gradient":""},"mobile":{"background-color":"var(--ast-global-color-5)","background-image":"","background-repeat":"repeat","background-position":"center center","background-size":"auto","background-attachment":"scroll","background-type":"","background-media":"","overlay-type":"","overlay-color":"","overlay-opacity":"","overlay-gradient":""}}},"pwb-brand":[51],"product_cat":[37],"product_tag":[],"class_list":{"0":"post-364","1":"product","2":"type-product","3":"status-publish","4":"has-post-thumbnail","6":"pwb-brand-spax","7":"product_cat-ferreteria","8":"desktop-align-left","9":"tablet-align-left","10":"mobile-align-left","11":"ast-product-gallery-layout-horizontal-slider","12":"ast-product-gallery-with-no-image","13":"ast-product-tabs-layout-distributed","15":"first","16":"instock","17":"taxable","18":"shipping-taxable","19":"purchasable","20":"product-type-simple"},"yoast_head":"<!-- This site is optimized with the Yoast SEO plugin v23.8 - https:\/\/yoast.com\/wordpress\/plugins\/seo\/ -->\n<title>Tirafondos 5x80mm. - Ferreter\u00eda Orizar Zarautz<\/title>\n<meta name=\"description\" content=\"El accionamiento mediante el sistema torx es muy preciso y ajustado y optimiza al m\u00e1ximo la transmisi\u00f3n de la fuerza al atornillar o soltar la fijaci\u00f3n.\" \/>\n<meta name=\"robots\" content=\"index, follow, max-snippet:-1, max-image-preview:large, max-video-preview:-1\" \/>\n<link rel=\"canonical\" href=\"https:\/\/orizar.com\/es\/producto\/tornillos-5x80mm-spax\/\" \/>\n<meta property=\"og:locale\" content=\"es_ES\" \/>\n<meta property=\"og:type\" content=\"article\" \/>\n<meta property=\"og:title\" content=\"Tirafondos 5x80mm. - Ferreter\u00eda Orizar Zarautz\" \/>\n<meta property=\"og:description\" content=\"El accionamiento mediante el sistema torx es muy preciso y ajustado y optimiza al m\u00e1ximo la transmisi\u00f3n de la fuerza al atornillar o soltar la fijaci\u00f3n.\" \/>\n<meta property=\"og:url\" content=\"https:\/\/orizar.com\/es\/producto\/tornillos-5x80mm-spax\/\" \/>\n<meta property=\"og:site_name\" content=\"Ferreter\u00eda Orizar Zarautz\" \/>\n<meta property=\"article:modified_time\" content=\"2026-01-27T11:06:34+00:00\" \/>\n<meta property=\"og:image\" content=\"https:\/\/orizar.com\/wp-content\/uploads\/2024\/10\/tirafondo-kaxa.webp\" \/>\n\t<meta property=\"og:image:width\" content=\"800\" \/>\n\t<meta property=\"og:image:height\" content=\"781\" \/>\n\t<meta property=\"og:image:type\" content=\"image\/webp\" \/>\n<meta name=\"twitter:card\" content=\"summary_large_image\" \/>\n<meta name=\"twitter:label1\" content=\"Tiempo de lectura\" \/>\n\t<meta name=\"twitter:data1\" content=\"1 minuto\" \/>\n<script type=\"application\/ld+json\" class=\"yoast-schema-graph\">{\"@context\":\"https:\/\/schema.org\",\"@graph\":[{\"@type\":\"WebPage\",\"@id\":\"https:\/\/orizar.com\/es\/producto\/tornillos-5x80mm-spax\/\",\"url\":\"https:\/\/orizar.com\/es\/producto\/tornillos-5x80mm-spax\/\",\"name\":\"Tirafondos 5x80mm. - Ferreter\u00eda Orizar Zarautz\",\"isPartOf\":{\"@id\":\"https:\/\/orizar.com\/es\/#website\"},\"primaryImageOfPage\":{\"@id\":\"https:\/\/orizar.com\/es\/producto\/tornillos-5x80mm-spax\/#primaryimage\"},\"image\":{\"@id\":\"https:\/\/orizar.com\/es\/producto\/tornillos-5x80mm-spax\/#primaryimage\"},\"thumbnailUrl\":\"https:\/\/orizar.com\/wp-content\/uploads\/2024\/10\/tirafondo-kaxa.webp\",\"datePublished\":\"2024-10-30T09:54:27+00:00\",\"dateModified\":\"2026-01-27T11:06:34+00:00\",\"description\":\"El accionamiento mediante el sistema torx es muy preciso y ajustado y optimiza al m\u00e1ximo la transmisi\u00f3n de la fuerza al atornillar o soltar la fijaci\u00f3n.\",\"breadcrumb\":{\"@id\":\"https:\/\/orizar.com\/es\/producto\/tornillos-5x80mm-spax\/#breadcrumb\"},\"inLanguage\":\"es\",\"potentialAction\":[{\"@type\":\"ReadAction\",\"target\":[\"https:\/\/orizar.com\/es\/producto\/tornillos-5x80mm-spax\/\"]}]},{\"@type\":\"ImageObject\",\"inLanguage\":\"es\",\"@id\":\"https:\/\/orizar.com\/es\/producto\/tornillos-5x80mm-spax\/#primaryimage\",\"url\":\"https:\/\/orizar.com\/wp-content\/uploads\/2024\/10\/tirafondo-kaxa.webp\",\"contentUrl\":\"https:\/\/orizar.com\/wp-content\/uploads\/2024\/10\/tirafondo-kaxa.webp\",\"width\":800,\"height\":781},{\"@type\":\"BreadcrumbList\",\"@id\":\"https:\/\/orizar.com\/es\/producto\/tornillos-5x80mm-spax\/#breadcrumb\",\"itemListElement\":[{\"@type\":\"ListItem\",\"position\":1,\"name\":\"Home\",\"item\":\"https:\/\/orizar.com\/es\/\"},{\"@type\":\"ListItem\",\"position\":2,\"name\":\"Tienda\",\"item\":\"https:\/\/orizar.com\/es\/tienda\/\"},{\"@type\":\"ListItem\",\"position\":3,\"name\":\"Tirafondos 5x80mm.\"}]},{\"@type\":\"WebSite\",\"@id\":\"https:\/\/orizar.com\/es\/#website\",\"url\":\"https:\/\/orizar.com\/es\/\",\"name\":\"Ferreter\u00eda Orizar Zarautz\",\"description\":\"\",\"publisher\":{\"@id\":\"https:\/\/orizar.com\/es\/#organization\"},\"potentialAction\":[{\"@type\":\"SearchAction\",\"target\":{\"@type\":\"EntryPoint\",\"urlTemplate\":\"https:\/\/orizar.com\/es\/?s={search_term_string}\"},\"query-input\":{\"@type\":\"PropertyValueSpecification\",\"valueRequired\":true,\"valueName\":\"search_term_string\"}}],\"inLanguage\":\"es\"},{\"@type\":\"Organization\",\"@id\":\"https:\/\/orizar.com\/es\/#organization\",\"name\":\"Ferreter\u00eda Orizar Zarautz\",\"url\":\"https:\/\/orizar.com\/es\/\",\"logo\":{\"@type\":\"ImageObject\",\"inLanguage\":\"es\",\"@id\":\"https:\/\/orizar.com\/es\/#\/schema\/logo\/image\/\",\"url\":\"https:\/\/orizar.com\/wp-content\/uploads\/2024\/10\/Orizar-logotipoa-osoa.png\",\"contentUrl\":\"https:\/\/orizar.com\/wp-content\/uploads\/2024\/10\/Orizar-logotipoa-osoa.png\",\"width\":623,\"height\":484,\"caption\":\"Ferreter\u00eda Orizar Zarautz\"},\"image\":{\"@id\":\"https:\/\/orizar.com\/es\/#\/schema\/logo\/image\/\"}}]}<\/script>\n<!-- \/ Yoast SEO plugin. -->","yoast_head_json":{"title":"Tirafondos 5x80mm. - Ferreter\u00eda Orizar Zarautz","description":"El accionamiento mediante el sistema torx es muy preciso y ajustado y optimiza al m\u00e1ximo la transmisi\u00f3n de la fuerza al atornillar o soltar la fijaci\u00f3n.","robots":{"index":"index","follow":"follow","max-snippet":"max-snippet:-1","max-image-preview":"max-image-preview:large","max-video-preview":"max-video-preview:-1"},"canonical":"https:\/\/orizar.com\/es\/producto\/tornillos-5x80mm-spax\/","og_locale":"es_ES","og_type":"article","og_title":"Tirafondos 5x80mm. - Ferreter\u00eda Orizar Zarautz","og_description":"El accionamiento mediante el sistema torx es muy preciso y ajustado y optimiza al m\u00e1ximo la transmisi\u00f3n de la fuerza al atornillar o soltar la fijaci\u00f3n.","og_url":"https:\/\/orizar.com\/es\/producto\/tornillos-5x80mm-spax\/","og_site_name":"Ferreter\u00eda Orizar Zarautz","article_modified_time":"2026-01-27T11:06:34+00:00","og_image":[{"width":800,"height":781,"url":"https:\/\/orizar.com\/wp-content\/uploads\/2024\/10\/tirafondo-kaxa.webp","type":"image\/webp"}],"twitter_card":"summary_large_image","twitter_misc":{"Tiempo de lectura":"1 minuto"},"schema":{"@context":"https:\/\/schema.org","@graph":[{"@type":"WebPage","@id":"https:\/\/orizar.com\/es\/producto\/tornillos-5x80mm-spax\/","url":"https:\/\/orizar.com\/es\/producto\/tornillos-5x80mm-spax\/","name":"Tirafondos 5x80mm. - Ferreter\u00eda Orizar Zarautz","isPartOf":{"@id":"https:\/\/orizar.com\/es\/#website"},"primaryImageOfPage":{"@id":"https:\/\/orizar.com\/es\/producto\/tornillos-5x80mm-spax\/#primaryimage"},"image":{"@id":"https:\/\/orizar.com\/es\/producto\/tornillos-5x80mm-spax\/#primaryimage"},"thumbnailUrl":"https:\/\/orizar.com\/wp-content\/uploads\/2024\/10\/tirafondo-kaxa.webp","datePublished":"2024-10-30T09:54:27+00:00","dateModified":"2026-01-27T11:06:34+00:00","description":"El accionamiento mediante el sistema torx es muy preciso y ajustado y optimiza al m\u00e1ximo la transmisi\u00f3n de la fuerza al atornillar o soltar la fijaci\u00f3n.","breadcrumb":{"@id":"https:\/\/orizar.com\/es\/producto\/tornillos-5x80mm-spax\/#breadcrumb"},"inLanguage":"es","potentialAction":[{"@type":"ReadAction","target":["https:\/\/orizar.com\/es\/producto\/tornillos-5x80mm-spax\/"]}]},{"@type":"ImageObject","inLanguage":"es","@id":"https:\/\/orizar.com\/es\/producto\/tornillos-5x80mm-spax\/#primaryimage","url":"https:\/\/orizar.com\/wp-content\/uploads\/2024\/10\/tirafondo-kaxa.webp","contentUrl":"https:\/\/orizar.com\/wp-content\/uploads\/2024\/10\/tirafondo-kaxa.webp","width":800,"height":781},{"@type":"BreadcrumbList","@id":"https:\/\/orizar.com\/es\/producto\/tornillos-5x80mm-spax\/#breadcrumb","itemListElement":[{"@type":"ListItem","position":1,"name":"Home","item":"https:\/\/orizar.com\/es\/"},{"@type":"ListItem","position":2,"name":"Tienda","item":"https:\/\/orizar.com\/es\/tienda\/"},{"@type":"ListItem","position":3,"name":"Tirafondos 5x80mm."}]},{"@type":"WebSite","@id":"https:\/\/orizar.com\/es\/#website","url":"https:\/\/orizar.com\/es\/","name":"Ferreter\u00eda Orizar Zarautz","description":"","publisher":{"@id":"https:\/\/orizar.com\/es\/#organization"},"potentialAction":[{"@type":"SearchAction","target":{"@type":"EntryPoint","urlTemplate":"https:\/\/orizar.com\/es\/?s={search_term_string}"},"query-input":{"@type":"PropertyValueSpecification","valueRequired":true,"valueName":"search_term_string"}}],"inLanguage":"es"},{"@type":"Organization","@id":"https:\/\/orizar.com\/es\/#organization","name":"Ferreter\u00eda Orizar Zarautz","url":"https:\/\/orizar.com\/es\/","logo":{"@type":"ImageObject","inLanguage":"es","@id":"https:\/\/orizar.com\/es\/#\/schema\/logo\/image\/","url":"https:\/\/orizar.com\/wp-content\/uploads\/2024\/10\/Orizar-logotipoa-osoa.png","contentUrl":"https:\/\/orizar.com\/wp-content\/uploads\/2024\/10\/Orizar-logotipoa-osoa.png","width":623,"height":484,"caption":"Ferreter\u00eda Orizar Zarautz"},"image":{"@id":"https:\/\/orizar.com\/es\/#\/schema\/logo\/image\/"}}]}},"brands":[{"id":51,"name":"Spax","slug":"spax"}],"_links":{"self":[{"href":"https:\/\/orizar.com\/es\/wp-json\/wp\/v2\/product\/364"}],"collection":[{"href":"https:\/\/orizar.com\/es\/wp-json\/wp\/v2\/product"}],"about":[{"href":"https:\/\/orizar.com\/es\/wp-json\/wp\/v2\/types\/product"}],"wp:featuredmedia":[{"embeddable":true,"href":"https:\/\/orizar.com\/es\/wp-json\/wp\/v2\/media\/342"}],"wp:attachment":[{"href":"https:\/\/orizar.com\/es\/wp-json\/wp\/v2\/media?parent=364"}],"wp:term":[{"taxonomy":"pwb-brand","embeddable":true,"href":"https:\/\/orizar.com\/es\/wp-json\/wp\/v2\/pwb-brand?post=364"},{"taxonomy":"product_cat","embeddable":true,"href":"https:\/\/orizar.com\/es\/wp-json\/wp\/v2\/product_cat?post=364"},{"taxonomy":"product_tag","embeddable":true,"href":"https:\/\/orizar.com\/es\/wp-json\/wp\/v2\/product_tag?post=364"}],"curies":[{"name":"wp","href":"https:\/\/api.w.org\/{rel}","templated":true}]}}